{"id":173,"date":"2017-05-12T00:54:30","date_gmt":"2017-05-12T03:54:30","guid":{"rendered":"http:\/\/www.emalgumlugar.com\/loja\/?post_type=product&#038;p=173"},"modified":"2018-05-09T00:31:35","modified_gmt":"2018-05-09T03:31:35","slug":"guidao","status":"publish","type":"product","link":"https:\/\/www.emalgumlugar.com\/loja\/produto\/guidao\/","title":{"rendered":"Guid\u00e3o"},"content":{"rendered":"","protected":false},"excerpt":{"rendered":"<p>Produto 100% algod\u00e3o, dispon\u00edvel nas cores <strong>branca<\/strong>,<strong> cinza mescla<\/strong> e <strong>preta<\/strong>.<\/p>\n","protected":false},"featured_media":174,"comment_status":"closed","ping_status":"closed","template":"","meta":[],"product_brand":[],"product_cat":[7],"product_tag":[12],"class_list":{"0":"post-173","1":"product","2":"type-product","3":"status-publish","4":"has-post-thumbnail","6":"product_cat-camisetas","7":"product_tag-camiseta","9":"first","10":"instock","11":"shipping-taxable","12":"purchasable","13":"product-type-variable"},"_links":{"self":[{"href":"https:\/\/www.emalgumlugar.com\/loja\/wp-json\/wp\/v2\/product\/173","targetHints":{"allow":["GET"]}}],"collection":[{"href":"https:\/\/www.emalgumlugar.com\/loja\/wp-json\/wp\/v2\/product"}],"about":[{"href":"https:\/\/www.emalgumlugar.com\/loja\/wp-json\/wp\/v2\/types\/product"}],"replies":[{"embeddable":true,"href":"https:\/\/www.emalgumlugar.com\/loja\/wp-json\/wp\/v2\/comments?post=173"}],"wp:featuredmedia":[{"embeddable":true,"href":"https:\/\/www.emalgumlugar.com\/loja\/wp-json\/wp\/v2\/media\/174"}],"wp:attachment":[{"href":"https:\/\/www.emalgumlugar.com\/loja\/wp-json\/wp\/v2\/media?parent=173"}],"wp:term":[{"taxonomy":"product_brand","embeddable":true,"href":"https:\/\/www.emalgumlugar.com\/loja\/wp-json\/wp\/v2\/product_brand?post=173"},{"taxonomy":"product_cat","embeddable":true,"href":"https:\/\/www.emalgumlugar.com\/loja\/wp-json\/wp\/v2\/product_cat?post=173"},{"taxonomy":"product_tag","embeddable":true,"href":"https:\/\/www.emalgumlugar.com\/loja\/wp-json\/wp\/v2\/product_tag?post=173"}],"curies":[{"name":"wp","href":"https:\/\/api.w.org\/{rel}","templated":true}]}}