{"id":366,"date":"2017-05-19T23:52:54","date_gmt":"2017-05-20T02:52:54","guid":{"rendered":"http:\/\/www.emalgumlugar.com\/loja\/?post_type=product&#038;p=366"},"modified":"2022-04-12T15:37:28","modified_gmt":"2022-04-12T18:37:28","slug":"5-panel-eal","status":"publish","type":"product","link":"https:\/\/www.emalgumlugar.com\/loja\/produto\/5-panel-eal\/","title":{"rendered":"5 Panel EAL."},"content":{"rendered":"","protected":false},"excerpt":{"rendered":"<p>O bon\u00e9 5 Panel EAL. \u00e9 confeccionado em 100% algod\u00e3o, ajust\u00e1vel.<br \/>\nNas cores, a combina\u00e7\u00e3o preto e logo vermelho.<\/p>\n","protected":false},"featured_media":367,"comment_status":"closed","ping_status":"closed","template":"","meta":[],"product_brand":[],"product_cat":[8],"product_tag":[28],"class_list":{"0":"post-366","1":"product","2":"type-product","3":"status-publish","4":"has-post-thumbnail","6":"product_cat-bones","7":"product_tag-bone","9":"first","10":"outofstock","11":"shipping-taxable","12":"purchasable","13":"product-type-simple"},"_links":{"self":[{"href":"https:\/\/www.emalgumlugar.com\/loja\/wp-json\/wp\/v2\/product\/366","targetHints":{"allow":["GET"]}}],"collection":[{"href":"https:\/\/www.emalgumlugar.com\/loja\/wp-json\/wp\/v2\/product"}],"about":[{"href":"https:\/\/www.emalgumlugar.com\/loja\/wp-json\/wp\/v2\/types\/product"}],"replies":[{"embeddable":true,"href":"https:\/\/www.emalgumlugar.com\/loja\/wp-json\/wp\/v2\/comments?post=366"}],"wp:featuredmedia":[{"embeddable":true,"href":"https:\/\/www.emalgumlugar.com\/loja\/wp-json\/wp\/v2\/media\/367"}],"wp:attachment":[{"href":"https:\/\/www.emalgumlugar.com\/loja\/wp-json\/wp\/v2\/media?parent=366"}],"wp:term":[{"taxonomy":"product_brand","embeddable":true,"href":"https:\/\/www.emalgumlugar.com\/loja\/wp-json\/wp\/v2\/product_brand?post=366"},{"taxonomy":"product_cat","embeddable":true,"href":"https:\/\/www.emalgumlugar.com\/loja\/wp-json\/wp\/v2\/product_cat?post=366"},{"taxonomy":"product_tag","embeddable":true,"href":"https:\/\/www.emalgumlugar.com\/loja\/wp-json\/wp\/v2\/product_tag?post=366"}],"curies":[{"name":"wp","href":"https:\/\/api.w.org\/{rel}","templated":true}]}}